{"id":2126,"date":"2024-05-22T11:47:11","date_gmt":"2024-05-22T08:47:11","guid":{"rendered":"https:\/\/agriveno.com\/?page_id=2126"},"modified":"2024-10-31T21:04:51","modified_gmt":"2024-10-31T18:04:51","slug":"kumes-ve-sera-iklimlendirme-sistemleri","status":"publish","type":"page","link":"https:\/\/agriveno.com\/ar\/","title":{"rendered":"K\u00fcmes ve Sera \u0130klimlendirme Sistemleri"},"content":{"rendered":"<div data-elementor-type=\"wp-page\" data-elementor-id=\"2126\" class=\"elementor elementor-2126\">\n\t\t\t\t\t\t<section class=\"elementor-section elementor-top-section elementor-element elementor-element-798bfd9 elementor-section-boxed elementor-section-height-default elementor-section-height-default\" data-id=\"798bfd9\" data-element_type=\"section\" data-settings=\"{&quot;background_background&quot;:&quot;slideshow&quot;,&quot;background_slideshow_slide_duration&quot;:2000,&quot;background_slideshow_slide_transition&quot;:&quot;slide_left&quot;,&quot;tmea_shape_divider_top&quot;:&quot;none&quot;,&quot;tmea_shape_divider_bottom&quot;:&quot;none&quot;,&quot;background_slideshow_gallery&quot;:[],&quot;background_slideshow_transition_duration&quot;:500}\">\n\t\t\t\t\t\t\t<div class=\"elementor-background-overlay\"><\/div>\n\t\t\t\t\t\t\t<div class=\"elementor-container elementor-column-gap-default\">\n\t\t\t\t\t<div class=\"elementor-column elementor-col-100 elementor-top-column elementor-element elementor-element-88f1d27\" data-id=\"88f1d27\" data-element_type=\"column\">\n\t\t\t<div class=\"elementor-widget-wrap\">\n\t\t\t\t\t\t\t<\/div>\n\t\t<\/div>\n\t\t\t\t\t<\/div>\n\t\t<\/section>\n\t\t\n\t\t<section class=\"elementor-section elementor-top-section elementor-element elementor-element-2ef48dd elementor-section-boxed elementor-section-height-default elementor-section-height-default\" data-id=\"2ef48dd\" data-element_type=\"section\" data-settings=\"{&quot;background_background&quot;:&quot;classic&quot;,&quot;tmea_shape_divider_top&quot;:&quot;none&quot;,&quot;tmea_shape_divider_bottom&quot;:&quot;none&quot;}\">\n\t\t\t\t\t\t<div class=\"elementor-container elementor-column-gap-default\">\n\t\t\t\t\t<div class=\"elementor-column elementor-col-100 elementor-top-column elementor-element elementor-element-5f5f308\" data-id=\"5f5f308\" data-element_type=\"column\">\n\t\t\t<div class=\"elementor-widget-wrap elementor-element-populated\">\n\t\t\t\t\t\t<div class=\"elementor-element elementor-element-b2b3037 elementor-widget-divider--view-line_icon elementor-widget__width-initial elementor-view-default elementor-widget-divider--element-align-center elementor-widget elementor-widget-divider\" data-id=\"b2b3037\" data-element_type=\"widget\" data-widget_type=\"divider.default\">\n\t\t\t\t<div class=\"elementor-widget-container\">\n\t\t\t\t\t\t\t<div class=\"elementor-divider\">\n\t\t\t<span class=\"elementor-divider-separator\">\n\t\t\t\t\t\t\t<div class=\"elementor-icon elementor-divider__element\">\n\t\t\t\t\t<i aria-hidden=\"true\" class=\"fas fa-fan\"><\/i><\/div>\n\t\t\t\t\t\t<\/span>\n\t\t<\/div>\n\t\t\t\t\t\t<\/div>\n\t\t\t\t<\/div>\n\t\t\t\t\t<\/div>\n\t\t<\/div>\n\t\t\t\t\t<\/div>\n\t\t<\/section>\n\t\t\t\t<section class=\"elementor-section elementor-top-section elementor-element elementor-element-0481c72 elementor-section-boxed elementor-section-height-default elementor-section-height-default\" data-id=\"0481c72\" data-element_type=\"section\" data-settings=\"{&quot;background_background&quot;:&quot;classic&quot;,&quot;tmea_shape_divider_top&quot;:&quot;none&quot;,&quot;tmea_shape_divider_bottom&quot;:&quot;none&quot;}\">\n\t\t\t\t\t\t<div class=\"elementor-container elementor-column-gap-default\">\n\t\t\t\t\t<div class=\"elementor-column elementor-col-50 elementor-top-column elementor-element elementor-element-b180ba7\" data-id=\"b180ba7\" data-element_type=\"column\">\n\t\t\t<div class=\"elementor-widget-wrap elementor-element-populated\">\n\t\t\t\t\t\t<div class=\"elementor-element elementor-element-2501dcc elementor-widget elementor-widget-heading\" data-id=\"2501dcc\" data-element_type=\"widget\" data-widget_type=\"heading.default\">\n\t\t\t\t<div class=\"elementor-widget-container\">\n\t\t\t\t\t<h2 class=\"elementor-heading-title elementor-size-default\">\u0623\u0646\u0638\u0645\u0629 \u0627\u0644\u062a\u0647\u0648\u064a\u0629 \u0648\u062a\u0643\u064a\u064a\u0641 \u0627\u0644\u0647\u0648\u0627\u0621 \u0648\u0627\u0644\u062a\u0647\u0648\u064a\u0629 \u0641\u064a \u0627\u0644\u062f\u0641\u064a\u0626\u0629<\/h2>\t\t\t\t<\/div>\n\t\t\t\t<\/div>\n\t\t\t\t\t<\/div>\n\t\t<\/div>\n\t\t\t\t<div class=\"elementor-column elementor-col-50 elementor-top-column elementor-element elementor-element-399ec18\" data-id=\"399ec18\" data-element_type=\"column\">\n\t\t\t<div class=\"elementor-widget-wrap elementor-element-populated\">\n\t\t\t\t\t\t<div class=\"elementor-element elementor-element-c28959a elementor-widget elementor-widget-heading\" data-id=\"c28959a\" data-element_type=\"widget\" data-widget_type=\"heading.default\">\n\t\t\t\t<div class=\"elementor-widget-container\">\n\t\t\t\t\t<h2 class=\"elementor-heading-title elementor-size-default\">\u0623\u0646\u0638\u0645\u0629 \u0627\u0644\u062a\u0647\u0648\u064a\u0629 \u0648\u062a\u0643\u064a\u064a\u0641 \u0627\u0644\u0647\u0648\u0627\u0621 \u0648\u0627\u0644\u062a\u0647\u0648\u064a\u0629 \u0641\u064a \u0627\u0644\u062f\u0641\u064a\u0626\u0629<\/h2>\t\t\t\t<\/div>\n\t\t\t\t<\/div>\n\t\t\t\t\t<\/div>\n\t\t<\/div>\n\t\t\t\t\t<\/div>\n\t\t<\/section>\n\t\t\t\t<section class=\"elementor-section elementor-top-section elementor-element elementor-element-0d6ff9c elementor-section-boxed elementor-section-height-default elementor-section-height-default\" data-id=\"0d6ff9c\" data-element_type=\"section\" data-settings=\"{&quot;background_background&quot;:&quot;gradient&quot;,&quot;tmea_shape_divider_top&quot;:&quot;none&quot;,&quot;tmea_shape_divider_bottom&quot;:&quot;none&quot;}\">\n\t\t\t\t\t\t<div class=\"elementor-container elementor-column-gap-default\">\n\t\t\t\t\t<div class=\"elementor-column elementor-col-50 elementor-top-column elementor-element elementor-element-a199ab4\" data-id=\"a199ab4\" data-element_type=\"column\">\n\t\t\t<div class=\"elementor-widget-wrap\">\n\t\t\t\t\t\t\t<\/div>\n\t\t<\/div>\n\t\t\t\t<div class=\"elementor-column elementor-col-50 elementor-top-column elementor-element elementor-element-a55094e\" data-id=\"a55094e\" data-element_type=\"column\">\n\t\t\t<div class=\"elementor-widget-wrap\">\n\t\t\t\t\t\t\t<\/div>\n\t\t<\/div>\n\t\t\t\t\t<\/div>\n\t\t<\/section>\n\t\t\t\t<section class=\"elementor-section elementor-top-section elementor-element elementor-element-8336b6e elementor-section-boxed elementor-section-height-default elementor-section-height-default\" data-id=\"8336b6e\" data-element_type=\"section\" data-settings=\"{&quot;background_background&quot;:&quot;classic&quot;,&quot;tmea_shape_divider_top&quot;:&quot;none&quot;,&quot;tmea_shape_divider_bottom&quot;:&quot;none&quot;}\">\n\t\t\t\t\t\t<div class=\"elementor-container elementor-column-gap-default\">\n\t\t\t\t\t<div class=\"elementor-column elementor-col-100 elementor-top-column elementor-element elementor-element-1ccf15c\" data-id=\"1ccf15c\" data-element_type=\"column\">\n\t\t\t<div class=\"elementor-widget-wrap elementor-element-populated\">\n\t\t\t\t\t\t<div class=\"elementor-element elementor-element-67bb0bf elementor-widget elementor-widget-spacer\" data-id=\"67bb0bf\" data-element_type=\"widget\" data-widget_type=\"spacer.default\">\n\t\t\t\t<div class=\"elementor-widget-container\">\n\t\t\t\t\t\t\t<div class=\"elementor-spacer\">\n\t\t\t<div class=\"elementor-spacer-inner\"><\/div>\n\t\t<\/div>\n\t\t\t\t\t\t<\/div>\n\t\t\t\t<\/div>\n\t\t\t\t\t<\/div>\n\t\t<\/div>\n\t\t\t\t\t<\/div>\n\t\t<\/section>\n\t\t\t\t<section class=\"elementor-section elementor-top-section elementor-element elementor-element-1faddfd5 elementor-section-boxed elementor-section-height-default elementor-section-height-default\" data-id=\"1faddfd5\" data-element_type=\"section\" data-settings=\"{&quot;background_background&quot;:&quot;gradient&quot;,&quot;tmea_shape_divider_top&quot;:&quot;none&quot;,&quot;tmea_shape_divider_bottom&quot;:&quot;none&quot;}\">\n\t\t\t\t\t\t\t<div class=\"elementor-background-overlay\"><\/div>\n\t\t\t\t\t\t\t<div class=\"elementor-container elementor-column-gap-default\">\n\t\t\t\t\t<div class=\"elementor-column elementor-col-50 elementor-top-column elementor-element elementor-element-246e6d49\" data-id=\"246e6d49\" data-element_type=\"column\">\n\t\t\t<div class=\"elementor-widget-wrap elementor-element-populated\">\n\t\t\t\t\n\t\t<div class=\"elementor-element elementor-element-6ddf987b elementor-widget elementor-widget-gva-heading-block\" data-id=\"6ddf987b\" data-element_type=\"widget\" data-settings=\"{&quot;_animation&quot;:&quot;none&quot;}\" data-widget_type=\"gva-heading-block.default\">\n\t\t\t\t<div class=\"elementor-widget-container\">\n\t\t\t\t\t<div class=\"gva-element-gva-heading-block gva-element\">   <div class=\"align-center style-4 widget gsc-heading box-align-left auto-responsive\">\r\n      <div class=\"content-inner\">\r\n         \r\n                  \r\n           \r\n         \r\n                  \r\n                     <div class=\"title-desc\">\u0635\u064f\u0645\u0645\u062a \u0623\u0646\u0638\u0645\u0629 \u062a\u0643\u064a\u064a\u0641 \u0627\u0644\u0647\u0648\u0627\u0621 \u0644\u062f\u064a\u0646\u0627 \u0644\u062a\u0648\u0641\u064a\u0631 \u0628\u064a\u0626\u0629 \u0645\u0631\u064a\u062d\u0629 \u0648\u0635\u062d\u064a\u0629 \u0644\u062d\u064a\u0648\u0627\u0646\u0627\u062a\u0643 \u0648\u0646\u0628\u0627\u062a\u0627\u062a\u0643 \u0645\u0646 \u062e\u0644\u0627\u0644 \u062a\u0648\u0641\u064a\u0631 \u0627\u0644\u062a\u062d\u0643\u0645 \u0627\u0644\u0623\u0645\u062b\u0644 \u0641\u064a \u062f\u0631\u062c\u0629 \u0627\u0644\u062d\u0631\u0627\u0631\u0629 \u0648\u0627\u0644\u0631\u0637\u0648\u0628\u0629 \u0648\u0627\u0644\u062a\u0647\u0648\u064a\u0629. \u0628\u0627\u0633\u062a\u062e\u062f\u0627\u0645 \u0627\u0644\u062a\u0643\u0646\u0648\u0644\u0648\u062c\u064a\u0627 \u0627\u0644\u0645\u0628\u062a\u0643\u0631\u0629 \u0648\u0627\u0644\u0645\u0648\u0627\u062f \u0639\u0627\u0644\u064a\u0629 \u0627\u0644\u062c\u0648\u062f\u0629\u060c \u0646\u0636\u0645\u0646 \u0644\u0643 \u0627\u0644\u0643\u0641\u0627\u0621\u0629 \u0648\u0627\u0644\u0645\u0648\u062b\u0648\u0642\u064a\u0629 \u0648\u0627\u0644\u0623\u062f\u0627\u0621 \u0637\u0648\u064a\u0644 \u0627\u0644\u0623\u0645\u062f.\n \n\u064a\u0645\u0643\u0646\u0643 \u062a\u0644\u0628\u064a\u0629 \u062c\u0645\u064a\u0639 \u0627\u062d\u062a\u064a\u0627\u062c\u0627\u062a\u0643 \u0645\u0646 \u062e\u0644\u0627\u0644 \u062d\u0644\u0648\u0644\u0646\u0627 \u0627\u0644\u0645\u062e\u0635\u0635\u0629 \u0644\u0632\u064a\u0627\u062f\u0629 \u0627\u0644\u0643\u0641\u0627\u0621\u0629 \u0641\u064a \u0628\u064a\u062a \u0627\u0644\u062f\u0648\u0627\u062c\u0646 \u0623\u0648 \u0627\u0644\u062f\u0641\u064a\u0626\u0629 \u0627\u0644\u062e\u0627\u0635\u0629 \u0628\u0643.<\/div>\r\n         \r\n         \r\n      <\/div>\r\n   <\/div>\r\n<\/div>\t\t\t\t<\/div>\n\t\t\t\t<\/div>\n\t\t\t\t<div class=\"elementor-element elementor-element-90ea223 elementor-position-inline-start elementor-view-default elementor-mobile-position-block-start elementor-widget elementor-widget-icon-box\" data-id=\"90ea223\" data-element_type=\"widget\" data-widget_type=\"icon-box.default\">\n\t\t\t\t<div class=\"elementor-widget-container\">\n\t\t\t\t\t\t\t<div class=\"elementor-icon-box-wrapper\">\n\n\t\t\t\t\t\t<div class=\"elementor-icon-box-icon\">\n\t\t\t\t<a href=\"tel:+902626462018\" class=\"elementor-icon\" tabindex=\"-1\" aria-label=\"\u0627\u062a\u0635\u0644 \u0628\u0646\u0627\">\n\t\t\t\t<i aria-hidden=\"true\" class=\"fas fa-phone-square-alt\"><\/i>\t\t\t\t<\/a>\n\t\t\t<\/div>\n\t\t\t\n\t\t\t\t\t\t<div class=\"elementor-icon-box-content\">\n\n\t\t\t\t\t\t\t\t\t<h3 class=\"elementor-icon-box-title\">\n\t\t\t\t\t\t<a href=\"tel:+902626462018\" >\n\t\t\t\t\t\t\t\u0627\u062a\u0635\u0644 \u0628\u0646\u0627\t\t\t\t\t\t<\/a>\n\t\t\t\t\t<\/h3>\n\t\t\t\t\n\t\t\t\t\t\t\t\t\t<p class=\"elementor-icon-box-description\">\n\t\t\t\t\t\t+90 262 646 20 18\t\t\t\t\t<\/p>\n\t\t\t\t\n\t\t\t<\/div>\n\t\t\t\n\t\t<\/div>\n\t\t\t\t\t\t<\/div>\n\t\t\t\t<\/div>\n\t\t\t\t\t<\/div>\n\t\t<\/div>\n\t\t\t\t<div class=\"elementor-column elementor-col-50 elementor-top-column elementor-element elementor-element-818b83a\" data-id=\"818b83a\" data-element_type=\"column\">\n\t\t\t<div class=\"elementor-widget-wrap elementor-element-populated\">\n\t\t\t\t\t\t<div class=\"elementor-element elementor-element-78c9c86 elementor-widget elementor-widget-image\" data-id=\"78c9c86\" data-element_type=\"widget\" data-settings=\"{&quot;_animation&quot;:&quot;none&quot;}\" data-widget_type=\"image.default\">\n\t\t\t\t<div class=\"elementor-widget-container\">\n\t\t\t\t\t\t\t\t\t\t\t\t<figure class=\"wp-caption\">\n\t\t\t\t\t\t\t\t\t\t<img fetchpriority=\"high\" decoding=\"async\" width=\"724\" height=\"232\" src=\"https:\/\/agriveno.com\/wp-content\/uploads\/2024\/04\/Logo-01.png\" class=\"attachment-large size-large wp-image-1125\" alt=\"\" srcset=\"https:\/\/agriveno.com\/wp-content\/uploads\/2024\/04\/Logo-01.png 724w, https:\/\/agriveno.com\/wp-content\/uploads\/2024\/04\/Logo-01-18x6.png 18w\" sizes=\"(max-width: 724px) 100vw, 724px\" \/>\t\t\t\t\t\t\t\t\t\t\t<figcaption class=\"widget-image-caption wp-caption-text\">\u0627\u0644\u0635\u0648\u0628\u0627\u062a \u0627\u0644\u0632\u0631\u0627\u0639\u064a\u0629 \u0648\u0623\u0646\u0638\u0645\u0629 \u062a\u0643\u064a\u064a\u0641 \u0627\u0644\u0647\u0648\u0627\u0621 \u0648\u0627\u0644\u062a\u0647\u0648\u064a\u0629 \u0641\u064a \u0628\u064a\u0648\u062a \u0627\u0644\u062f\u0648\u0627\u062c\u0646<\/figcaption>\n\t\t\t\t\t\t\t\t\t\t<\/figure>\n\t\t\t\t\t\t\t\t\t<\/div>\n\t\t\t\t<\/div>\n\t\t\t\t\t<\/div>\n\t\t<\/div>\n\t\t\t\t\t<\/div>\n\t\t<\/section>\n\t\t\t\t<section class=\"elementor-section elementor-top-section elementor-element elementor-element-625af60f elementor-section-boxed elementor-section-height-default elementor-section-height-default\" data-id=\"625af60f\" data-element_type=\"section\" data-settings=\"{&quot;background_background&quot;:&quot;classic&quot;,&quot;tmea_shape_divider_top&quot;:&quot;none&quot;,&quot;tmea_shape_divider_bottom&quot;:&quot;none&quot;}\">\n\t\t\t\t\t\t<div class=\"elementor-container elementor-column-gap-default\">\n\t\t\t\t\t<div class=\"elementor-column elementor-col-100 elementor-top-column elementor-element elementor-element-4e7c5321\" data-id=\"4e7c5321\" data-element_type=\"column\">\n\t\t\t<div class=\"elementor-widget-wrap elementor-element-populated\">\n\t\t\t\t\t\t<div class=\"elementor-element elementor-element-5e1c9488 elementor-widget elementor-widget-gva-heading-block\" data-id=\"5e1c9488\" data-element_type=\"widget\" data-widget_type=\"gva-heading-block.default\">\n\t\t\t\t<div class=\"elementor-widget-container\">\n\t\t\t\t\t<div class=\"gva-element-gva-heading-block gva-element\">   <div class=\"align-center style-3 widget gsc-heading box-align-center auto-responsive\">\r\n      <div class=\"content-inner\">\r\n         \r\n                  \r\n           \r\n         \r\n                     <h1 class=\"title\">\r\n               <span>AGR\u0130VENO <br>\u0645\u0646 \u0645\u0639\u0631\u0636 \u0645\u0646\u062a\u062c\u0627\u062a\u0646\u0627...<\/span>\r\n            <\/h1>\r\n                  \r\n         \r\n         \r\n      <\/div>\r\n   <\/div>\r\n<\/div>\t\t\t\t<\/div>\n\t\t\t\t<\/div>\n\t\t\t\t<div class=\"elementor-element elementor-element-defc298 elementor-widget elementor-widget-gva-gallery\" data-id=\"defc298\" data-element_type=\"widget\" data-widget_type=\"gva-gallery.default\">\n\t\t\t\t<div class=\"elementor-widget-container\">\n\t\t\t\t\t<div class=\"gva-element-gva-gallery gva-element\">\r\n<div class=\"gva-gallery-carousel swiper-slider-wrapper style-1\">\r\n\t<div class=\"swiper-content-inner\">\r\n   \t<div class=\"init-carousel-swiper swiper\" data-carousel=\"{&quot;items&quot;:5,&quot;items_lg&quot;:5,&quot;items_md&quot;:4,&quot;items_sm&quot;:3,&quot;items_xs&quot;:2,&quot;items_xx&quot;:2,&quot;effect&quot;:&quot;slide&quot;,&quot;space_between&quot;:30,&quot;loop&quot;:1,&quot;speed&quot;:1000,&quot;autoplay&quot;:1,&quot;autoplay_delay&quot;:1000,&quot;autoplay_hover&quot;:1,&quot;navigation&quot;:1,&quot;pagination&quot;:0,&quot;dynamic_bullets&quot;:0,&quot;pagination_type&quot;:&quot;bullets&quot;}\">\r\n      \t<div class=\"swiper-wrapper\">\r\n\t\t\t\t<div class=\"swiper-slide item\"><div class=\"gallery-one__single\"><div class=\"gallery-one__image\"><img decoding=\"async\" src=\"https:\/\/agriveno.com\/wp-content\/uploads\/2024\/04\/006-2-550x660.jpeg\" alt=\"Agriveno\" \/><\/div><a class=\"gallery-one__photo photo-gallery\" href=\"http:\/\/agriveno.com\/wp-content\/uploads\/2024\/04\/006-2.jpeg\" data-elementor-lightbox-slideshow=\"gallery-ivom\"><\/a><div class=\"gallery-one__content\"><div class=\"gallery-one__content-inner\"><span class=\"gallery-one__icon\"><i class=\"fas fa-plus\"><\/i><\/span><h3 class=\"gallery-one__title\">Agriveno<\/h3><\/div><\/div><\/div><\/div><div class=\"swiper-slide item\"><div class=\"gallery-one__single\"><div class=\"gallery-one__image\"><img decoding=\"async\" src=\"https:\/\/agriveno.com\/wp-content\/uploads\/2024\/04\/004-4-550x660.jpeg\" alt=\"Agriveno\" \/><\/div><a class=\"gallery-one__photo photo-gallery\" href=\"http:\/\/agriveno.com\/wp-content\/uploads\/2024\/04\/004-4.jpeg\" data-elementor-lightbox-slideshow=\"gallery-ivom\"><\/a><div class=\"gallery-one__content\"><div class=\"gallery-one__content-inner\"><span class=\"gallery-one__icon\"><i class=\"fas fa-plus\"><\/i><\/span><h3 class=\"gallery-one__title\">Agriveno<\/h3><\/div><\/div><\/div><\/div><div class=\"swiper-slide item\"><div class=\"gallery-one__single\"><div class=\"gallery-one__image\"><img decoding=\"async\" src=\"https:\/\/agriveno.com\/wp-content\/uploads\/2024\/04\/003-3-550x660.jpeg\" alt=\"Agriveno\" \/><\/div><a class=\"gallery-one__photo photo-gallery\" href=\"http:\/\/agriveno.com\/wp-content\/uploads\/2024\/04\/003-3.jpeg\" data-elementor-lightbox-slideshow=\"gallery-ivom\"><\/a><div class=\"gallery-one__content\"><div class=\"gallery-one__content-inner\"><span class=\"gallery-one__icon\"><i class=\"fas fa-plus\"><\/i><\/span><h3 class=\"gallery-one__title\">Agriveno<\/h3><\/div><\/div><\/div><\/div><div class=\"swiper-slide item\"><div class=\"gallery-one__single\"><div class=\"gallery-one__image\"><img decoding=\"async\" src=\"https:\/\/agriveno.com\/wp-content\/uploads\/2024\/04\/002-3-550x660.jpeg\" alt=\"Agriveno\" \/><\/div><a class=\"gallery-one__photo photo-gallery\" href=\"http:\/\/agriveno.com\/wp-content\/uploads\/2024\/04\/002-3.jpeg\" data-elementor-lightbox-slideshow=\"gallery-ivom\"><\/a><div class=\"gallery-one__content\"><div class=\"gallery-one__content-inner\"><span class=\"gallery-one__icon\"><i class=\"fas fa-plus\"><\/i><\/span><h3 class=\"gallery-one__title\">Agriveno<\/h3><\/div><\/div><\/div><\/div><div class=\"swiper-slide item\"><div class=\"gallery-one__single\"><div class=\"gallery-one__image\"><img decoding=\"async\" src=\"https:\/\/agriveno.com\/wp-content\/uploads\/2024\/04\/003-2-550x660.jpeg\" alt=\"Agriveno\" \/><\/div><a class=\"gallery-one__photo photo-gallery\" href=\"http:\/\/agriveno.com\/wp-content\/uploads\/2024\/04\/003-2.jpeg\" data-elementor-lightbox-slideshow=\"gallery-ivom\"><\/a><div class=\"gallery-one__content\"><div class=\"gallery-one__content-inner\"><span class=\"gallery-one__icon\"><i class=\"fas fa-plus\"><\/i><\/span><h3 class=\"gallery-one__title\">Agriveno<\/h3><\/div><\/div><\/div><\/div><div class=\"swiper-slide item\"><div class=\"gallery-one__single\"><div class=\"gallery-one__image\"><img decoding=\"async\" src=\"https:\/\/agriveno.com\/wp-content\/uploads\/2022\/12\/00003-550x660.jpeg\" alt=\"Agriveno\" \/><\/div><a class=\"gallery-one__photo photo-gallery\" href=\"http:\/\/agriveno.com\/wp-content\/uploads\/2022\/12\/00003.jpeg\" data-elementor-lightbox-slideshow=\"gallery-ivom\"><\/a><div class=\"gallery-one__content\"><div class=\"gallery-one__content-inner\"><span class=\"gallery-one__icon\"><i class=\"fas fa-plus\"><\/i><\/span><h3 class=\"gallery-one__title\">Agriveno<\/h3><\/div><\/div><\/div><\/div><div class=\"swiper-slide item\"><div class=\"gallery-one__single\"><div class=\"gallery-one__image\"><img decoding=\"async\" src=\"https:\/\/agriveno.com\/wp-content\/uploads\/2024\/04\/aqua-maker-77-550x660.jpeg\" alt=\"Agriveno\" \/><\/div><a class=\"gallery-one__photo photo-gallery\" href=\"http:\/\/agriveno.com\/wp-content\/uploads\/2024\/04\/aqua-maker-77.jpeg\" data-elementor-lightbox-slideshow=\"gallery-ivom\"><\/a><div class=\"gallery-one__content\"><div class=\"gallery-one__content-inner\"><span class=\"gallery-one__icon\"><i class=\"fas fa-plus\"><\/i><\/span><h3 class=\"gallery-one__title\">Agriveno<\/h3><\/div><\/div><\/div><\/div><div class=\"swiper-slide item\"><div class=\"gallery-one__single\"><div class=\"gallery-one__image\"><img decoding=\"async\" src=\"https:\/\/agriveno.com\/wp-content\/uploads\/2022\/12\/002-550x660.jpeg\" alt=\"Agriveno\" \/><\/div><a class=\"gallery-one__photo photo-gallery\" href=\"http:\/\/agriveno.com\/wp-content\/uploads\/2022\/12\/002.jpeg\" data-elementor-lightbox-slideshow=\"gallery-ivom\"><\/a><div class=\"gallery-one__content\"><div class=\"gallery-one__content-inner\"><span class=\"gallery-one__icon\"><i class=\"fas fa-plus\"><\/i><\/span><h3 class=\"gallery-one__title\">Agriveno<\/h3><\/div><\/div><\/div><\/div>\t\t\t<\/div>\r\n\t\t<\/div>\r\n\t<\/div>\r\n\t<div class=\"swiper-pagination\"><\/div>   <div class=\"swiper-nav-next\"><\/div><div class=\"swiper-nav-prev\"><\/div><\/div>\r\n<\/div>\t\t\t\t<\/div>\n\t\t\t\t<\/div>\n\t\t\t\t\t<\/div>\n\t\t<\/div>\n\t\t\t\t\t<\/div>\n\t\t<\/section>\n\t\t\t\t<\/div>","protected":false},"excerpt":{"rendered":"<p>SERA HAVALANDIRMA VE \u0130KL\u0130MLEND\u0130RME K\u00dcMES HAVALANDIRMA VE \u0130KL\u0130MLEND\u0130RME SERA SERA HAVALANDIRMA VE \u0130KL\u0130MLEND\u0130RME S\u0130STEMLER\u0130 K\u00dcMES K\u00dcMES HAVALANDIRMA VE \u0130KL\u0130MLEND\u0130RME S\u0130STEMLER\u0130 \u0130klimlendirme Sistemlerimiz, optimum s\u0131cakl\u0131k, nem ve havaland\u0131rma kontrol\u00fc sa\u011flayarak hayvanlar\u0131n\u0131z ve bitkileriniz i\u00e7in konforlu ve sa\u011fl\u0131kl\u0131 bir ortam sa\u011flamak \u00fczere tasarlanm\u0131\u015ft\u0131r. Yenilik\u00e7i teknoloji ve y\u00fcksek kaliteli malzemeler kullanarak verimlili\u011fi, g\u00fcvenilirli\u011fi ve uzun \u00f6m\u00fcrl\u00fc performans\u0131 garanti [&hellip;]<\/p>","protected":false},"author":1,"featured_media":0,"parent":0,"menu_order":0,"comment_status":"closed","ping_status":"closed","template":"","meta":{"footnotes":""},"class_list":["post-2126","page","type-page","status-publish","hentry"],"_links":{"self":[{"href":"https:\/\/agriveno.com\/ar\/wp-json\/wp\/v2\/pages\/2126","targetHints":{"allow":["GET"]}}],"collection":[{"href":"https:\/\/agriveno.com\/ar\/wp-json\/wp\/v2\/pages"}],"about":[{"href":"https:\/\/agriveno.com\/ar\/wp-json\/wp\/v2\/types\/page"}],"author":[{"embeddable":true,"href":"https:\/\/agriveno.com\/ar\/wp-json\/wp\/v2\/users\/1"}],"replies":[{"embeddable":true,"href":"https:\/\/agriveno.com\/ar\/wp-json\/wp\/v2\/comments?post=2126"}],"version-history":[{"count":199,"href":"https:\/\/agriveno.com\/ar\/wp-json\/wp\/v2\/pages\/2126\/revisions"}],"predecessor-version":[{"id":2864,"href":"https:\/\/agriveno.com\/ar\/wp-json\/wp\/v2\/pages\/2126\/revisions\/2864"}],"wp:attachment":[{"href":"https:\/\/agriveno.com\/ar\/wp-json\/wp\/v2\/media?parent=2126"}],"curies":[{"name":"wp","href":"https:\/\/api.w.org\/{rel}","templated":true}]}}