{"id":33,"date":"2022-12-19T02:31:25","date_gmt":"2022-12-19T02:31:25","guid":{"rendered":"https:\/\/gaviaspreview.com\/wp\/gowilds\/?page_id=33"},"modified":"2024-03-14T05:48:16","modified_gmt":"2024-03-14T02:48:16","slug":"portfolio-01","status":"publish","type":"page","link":"https:\/\/agriveno.com\/ar\/portfolio-01\/","title":{"rendered":"Portfolio 01"},"content":{"rendered":"\t\t<div data-elementor-type=\"wp-page\" data-elementor-id=\"33\" class=\"elementor elementor-33\">\n\t\t\t\t\t\t<section class=\"elementor-section elementor-top-section elementor-element elementor-element-2fee724 elementor-section-boxed elementor-section-height-default elementor-section-height-default\" data-id=\"2fee724\" data-element_type=\"section\" data-e-type=\"section\" data-settings=\"{&quot;background_background&quot;:&quot;slideshow&quot;,&quot;background_slideshow_gallery&quot;:[{&quot;id&quot;:177,&quot;url&quot;:&quot;https:\\\/\\\/gaviaspreview.com\\\/wp\\\/gowilds\\\/wp-content\\\/uploads\\\/2023\\\/01\\\/breadcrumb-01.jpg&quot;},{&quot;id&quot;:178,&quot;url&quot;:&quot;https:\\\/\\\/gaviaspreview.com\\\/wp\\\/gowilds\\\/wp-content\\\/uploads\\\/2023\\\/01\\\/breadcrumb-02.jpg&quot;}],&quot;background_slideshow_ken_burns&quot;:&quot;yes&quot;,&quot;tmea_shape_divider_top&quot;:&quot;none&quot;,&quot;tmea_shape_divider_bottom&quot;:&quot;none&quot;,&quot;background_slideshow_loop&quot;:&quot;yes&quot;,&quot;background_slideshow_slide_duration&quot;:5000,&quot;background_slideshow_slide_transition&quot;:&quot;fade&quot;,&quot;background_slideshow_transition_duration&quot;:500,&quot;background_slideshow_ken_burns_zoom_direction&quot;:&quot;in&quot;}\">\n\t\t\t\t\t\t<div class=\"elementor-container elementor-column-gap-default\">\n\t\t\t\t\t<div class=\"elementor-column elementor-col-100 elementor-top-column elementor-element elementor-element-c7f3372\" data-id=\"c7f3372\" data-element_type=\"column\" data-e-type=\"column\">\n\t\t\t<div class=\"elementor-widget-wrap elementor-element-populated\">\n\t\t\t\t\n\t\t<div class=\"elementor-element elementor-element-0b1d17c elementor-widget elementor-widget-gva-heading-block\" data-id=\"0b1d17c\" data-element_type=\"widget\" data-e-type=\"widget\" data-widget_type=\"gva-heading-block.default\">\n\t\t\t\t<div class=\"elementor-widget-container\">\n\t\t\t\t\t<div class=\"gva-element-gva-heading-block gva-element\">   <div class=\"align-center style-1 widget gsc-heading box-align-center auto-responsive\">\r\n      <div class=\"content-inner\">\r\n         \r\n                  \r\n           \r\n         \r\n                     <h2 class=\"title\">\r\n               <span>Yapt\u0131\u011f\u0131m\u0131z \u00c7al\u0131\u015fmalar<\/span>\r\n            <\/h2>\r\n                  \r\n                     <div class=\"title-desc\">People Don\u2019t Take, Trips Take People.<\/div>\r\n         \r\n         \r\n      <\/div>\r\n   <\/div>\r\n<\/div>\t\t\t\t<\/div>\n\t\t\t\t<\/div>\n\t\t\t\t\t<\/div>\n\t\t<\/div>\n\t\t\t\t\t<\/div>\n\t\t<\/section>\n\t\t\t\t<section class=\"elementor-section elementor-top-section elementor-element elementor-element-9a4c084 elementor-section-boxed elementor-section-height-default elementor-section-height-default\" data-id=\"9a4c084\" data-element_type=\"section\" data-e-type=\"section\" data-settings=\"{&quot;tmea_shape_divider_top&quot;:&quot;none&quot;,&quot;tmea_shape_divider_bottom&quot;:&quot;none&quot;}\">\n\t\t\t\t\t\t<div class=\"elementor-container elementor-column-gap-default\">\n\t\t\t\t\t<div class=\"elementor-column elementor-col-100 elementor-top-column elementor-element elementor-element-78858a8\" data-id=\"78858a8\" data-element_type=\"column\" data-e-type=\"column\">\n\t\t\t<div class=\"elementor-widget-wrap elementor-element-populated\">\n\t\t\t\t\t\t<div class=\"elementor-element elementor-element-26e800a elementor-widget elementor-widget-gva-portfolio\" data-id=\"26e800a\" data-element_type=\"widget\" data-e-type=\"widget\" data-widget_type=\"gva-portfolio.default\">\n\t\t\t\t<div class=\"elementor-widget-container\">\n\t\t\t\t\t<div class=\"gva-element-gva-portfolio gva-element\">\r\n  <div class=\"gva-portfolio-grid clearfix grid-annq\" data-filter=\"annq\">\r\n                 <nav class=\"portfolio-filter\">\r\n          <ul class=\"nav nav-tabs\">\r\n             <li><a class=\"btn-filter all active\" href=\"javascript:void(0)\" data-filter=\"*\"><span>All<\/span><span class=\"count\"><\/span><\/a><\/li>\r\n                            <li><a href=\"javascript:void(0)\" class=\"btn-filter\" data-filter=\".pvc-sogutma-sistemleri-aqua-maker\"><span>PVC SO\u011eUTMA S\u0130STEMLER\u0130-AQUA MAKER<\/span><span class=\"count\"><\/span><\/a><\/li>\r\n                            <li><a href=\"javascript:void(0)\" class=\"btn-filter\" data-filter=\".sys-havalandirma-sistemleri\"><span>SYS HAVALANDIRMA S\u0130STEMLER\u0130<\/span><span class=\"count\"><\/span><\/a><\/li>\r\n                            <li><a href=\"javascript:void(0)\" class=\"btn-filter\" data-filter=\".isitici-ve-soba-sistemleri\"><span>ISITICI VE SOBA S\u0130STEMLER\u0130<\/span><span class=\"count\"><\/span><\/a><\/li>\r\n                            <li><a href=\"javascript:void(0)\" class=\"btn-filter\" data-filter=\".klape-davlumbaz-isik-kirici-sistemleri\"><span>KLAPE DAVLUMBAZ I\u015eIK KIRICI S\u0130STEMLER\u0130<\/span><span class=\"count\"><\/span><\/a><\/li>\r\n                            <li><a href=\"javascript:void(0)\" class=\"btn-filter\" data-filter=\".sera-iklimlendirme-ve-sogutma\"><span>SERA \u0130KL\u0130MLEND\u0130RME VE SO\u011eUTMA<\/span><span class=\"count\"><\/span><\/a><\/li>\r\n                            <li><a href=\"javascript:void(0)\" class=\"btn-filter\" data-filter=\".kumes\"><span>K\u00fcmes<\/span><span class=\"count\"><\/span><\/a><\/li>\r\n                            <li><a href=\"javascript:void(0)\" class=\"btn-filter\" data-filter=\".sera\"><span>Sera<\/span><span class=\"count\"><\/span><\/a><\/li>\r\n                            <li><a href=\"javascript:void(0)\" class=\"btn-filter\" data-filter=\".isitici-ve-soba-sistemleri-sera\"><span>ISITICI VE SOBA S\u0130STEMLER\u0130<\/span><span class=\"count\"><\/span><\/a><\/li>\r\n                            <li><a href=\"javascript:void(0)\" class=\"btn-filter\" data-filter=\".pvc-sogutma-sistemleri-aqua-maker-sera\"><span>PVC SO\u011eUTMA S\u0130STEMLER\u0130-AQUA MAKER<\/span><span class=\"count\"><\/span><\/a><\/li>\r\n                            <li><a href=\"javascript:void(0)\" class=\"btn-filter\" data-filter=\".sera-iklimlendirme-ve-sogutma-sera\"><span>SERA \u0130KL\u0130MLEND\u0130RME VE SO\u011eUTMA<\/span><span class=\"count\"><\/span><\/a><\/li>\r\n                            <li><a href=\"javascript:void(0)\" class=\"btn-filter\" data-filter=\".sys-havalandirma-sistemleri-sera\"><span>SYS HAVALANDIRMA S\u0130STEMLER\u0130<\/span><span class=\"count\"><\/span><\/a><\/li>\r\n                       <\/ul> \r\n       <\/nav> \r\n        <div class=\"gva-content-items\"> \r\n      <div class=\"isotope-items view-portfolio lg-block-grid-3 md-block-grid-3 sm-block-grid-2 xs-block-grid-2 xx-block-grid-1\">\r\n        <div class=\"all sys-havalandirma-sistemleri-sera  item-columns isotope-item\">\r\n   <div class=\"portfolio-one__single\">      \r\n      <div class=\"portfolio-one__image\">\r\n         <a class=\"portfolio-one__link\" href=\"https:\/\/agriveno.com\/ar\/case\/sera-havalandirma-egzost-fan-sistemleri\/\">\r\n            <img fetchpriority=\"high\" decoding=\"async\" width=\"500\" height=\"360\" src=\"https:\/\/agriveno.com\/wp-content\/uploads\/2024\/05\/3-500x360.png\" class=\"attachment-post-thumbnail size-post-thumbnail wp-post-image\" alt=\"sera havaland\u0131rma\" \/>         <\/a>\r\n      <\/div>\r\n      <div class=\"portfolio-one__content\">\r\n         <div class=\"portfolio-one__content-inner\">\r\n            <h3 class=\"portfolio-one__title\">\r\n               <a href=\"https:\/\/agriveno.com\/ar\/case\/sera-havalandirma-egzost-fan-sistemleri\/\">Sera Havaland\u0131rma Egzost Fan Sistemleri<\/a>\r\n            <\/h3>\r\n            <div class=\"portfolio-one__category\"><a href=\"https:\/\/agriveno.com\/ar\/category-portfolio\/sys-havalandirma-sistemleri-sera\/\" title=\"View all posts in SYS HAVALANDIRMA S\u0130STEMLER\u0130\">SYS HAVALANDIRMA S\u0130STEMLER\u0130<\/a><\/div>\r\n            <span class=\"portfolio-one__arrow\"><i class=\"fa-solid fa-arrow-right\"><\/i><\/span>\r\n         <\/div>    \r\n      <\/div>  \r\n   <\/div>\r\n   \r\n<\/div>\r\n<div class=\"all sera-iklimlendirme-ve-sogutma-sera  item-columns isotope-item\">\r\n   <div class=\"portfolio-one__single\">      \r\n      <div class=\"portfolio-one__image\">\r\n         <a class=\"portfolio-one__link\" href=\"https:\/\/agriveno.com\/ar\/case\/sera-sogutma-petek-cerceve-sistemleri\/\">\r\n            <img decoding=\"async\" width=\"500\" height=\"360\" src=\"https:\/\/agriveno.com\/wp-content\/uploads\/2024\/05\/2-500x360.png\" class=\"attachment-post-thumbnail size-post-thumbnail wp-post-image\" alt=\"\" \/>         <\/a>\r\n      <\/div>\r\n      <div class=\"portfolio-one__content\">\r\n         <div class=\"portfolio-one__content-inner\">\r\n            <h3 class=\"portfolio-one__title\">\r\n               <a href=\"https:\/\/agriveno.com\/ar\/case\/sera-sogutma-petek-cerceve-sistemleri\/\">Sera So\u011futma Petek \u00c7er\u00e7eve Sistemleri<\/a>\r\n            <\/h3>\r\n            <div class=\"portfolio-one__category\"><a href=\"https:\/\/agriveno.com\/ar\/category-portfolio\/sera-iklimlendirme-ve-sogutma-sera\/\" title=\"View all posts in SERA \u0130KL\u0130MLEND\u0130RME VE SO\u011eUTMA\">SERA \u0130KL\u0130MLEND\u0130RME VE SO\u011eUTMA<\/a><\/div>\r\n            <span class=\"portfolio-one__arrow\"><i class=\"fa-solid fa-arrow-right\"><\/i><\/span>\r\n         <\/div>    \r\n      <\/div>  \r\n   <\/div>\r\n   \r\n<\/div>\r\n<div class=\"all isitici-ve-soba-sistemleri-sera  item-columns isotope-item\">\r\n   <div class=\"portfolio-one__single\">      \r\n      <div class=\"portfolio-one__image\">\r\n         <a class=\"portfolio-one__link\" href=\"https:\/\/agriveno.com\/ar\/case\/sera-isitici-soba-sistemleri\/\">\r\n            <img decoding=\"async\" width=\"500\" height=\"360\" src=\"https:\/\/agriveno.com\/wp-content\/uploads\/2024\/05\/1-500x360.png\" class=\"attachment-post-thumbnail size-post-thumbnail wp-post-image\" alt=\"\" \/>         <\/a>\r\n      <\/div>\r\n      <div class=\"portfolio-one__content\">\r\n         <div class=\"portfolio-one__content-inner\">\r\n            <h3 class=\"portfolio-one__title\">\r\n               <a href=\"https:\/\/agriveno.com\/ar\/case\/sera-isitici-soba-sistemleri\/\">Sera Is\u0131t\u0131c\u0131 Soba Sistemleri<\/a>\r\n            <\/h3>\r\n            <div class=\"portfolio-one__category\"><a href=\"https:\/\/agriveno.com\/ar\/category-portfolio\/isitici-ve-soba-sistemleri-sera\/\" title=\"View all posts in ISITICI VE SOBA S\u0130STEMLER\u0130\">ISITICI VE SOBA S\u0130STEMLER\u0130<\/a><\/div>\r\n            <span class=\"portfolio-one__arrow\"><i class=\"fa-solid fa-arrow-right\"><\/i><\/span>\r\n         <\/div>    \r\n      <\/div>  \r\n   <\/div>\r\n   \r\n<\/div>\r\n<div class=\"all pvc-sogutma-sistemleri-aqua-maker-sera  item-columns isotope-item\">\r\n   <div class=\"portfolio-one__single\">      \r\n      <div class=\"portfolio-one__image\">\r\n         <a class=\"portfolio-one__link\" href=\"https:\/\/agriveno.com\/ar\/case\/evoparatif-celdek-sogutma-petekleri\/\">\r\n            <img loading=\"lazy\" decoding=\"async\" width=\"500\" height=\"360\" src=\"https:\/\/agriveno.com\/wp-content\/uploads\/2024\/05\/4-500x360.png\" class=\"attachment-post-thumbnail size-post-thumbnail wp-post-image\" alt=\"petek sistemleri\" \/>         <\/a>\r\n      <\/div>\r\n      <div class=\"portfolio-one__content\">\r\n         <div class=\"portfolio-one__content-inner\">\r\n            <h3 class=\"portfolio-one__title\">\r\n               <a href=\"https:\/\/agriveno.com\/ar\/case\/evoparatif-celdek-sogutma-petekleri\/\">Evoparatif (Celdek) So\u011futma Petekleri<\/a>\r\n            <\/h3>\r\n            <div class=\"portfolio-one__category\"><a href=\"https:\/\/agriveno.com\/ar\/category-portfolio\/pvc-sogutma-sistemleri-aqua-maker-sera\/\" title=\"View all posts in PVC SO\u011eUTMA S\u0130STEMLER\u0130-AQUA MAKER\">PVC SO\u011eUTMA S\u0130STEMLER\u0130-AQUA MAKER<\/a><\/div>\r\n            <span class=\"portfolio-one__arrow\"><i class=\"fa-solid fa-arrow-right\"><\/i><\/span>\r\n         <\/div>    \r\n      <\/div>  \r\n   <\/div>\r\n   \r\n<\/div>\r\n<div class=\"all isitici-ve-soba-sistemleri  item-columns isotope-item\">\r\n   <div class=\"portfolio-one__single\">      \r\n      <div class=\"portfolio-one__image\">\r\n         <a class=\"portfolio-one__link\" href=\"https:\/\/agriveno.com\/ar\/case\/isitici-soba-sistemleri\/\">\r\n            <img loading=\"lazy\" decoding=\"async\" width=\"500\" height=\"360\" src=\"https:\/\/agriveno.com\/wp-content\/uploads\/2024\/04\/2-500x360.png\" class=\"attachment-post-thumbnail size-post-thumbnail wp-post-image\" alt=\"\" \/>         <\/a>\r\n      <\/div>\r\n      <div class=\"portfolio-one__content\">\r\n         <div class=\"portfolio-one__content-inner\">\r\n            <h3 class=\"portfolio-one__title\">\r\n               <a href=\"https:\/\/agriveno.com\/ar\/case\/isitici-soba-sistemleri\/\">Is\u0131t\u0131c\u0131 Soba Sistemleri<\/a>\r\n            <\/h3>\r\n            <div class=\"portfolio-one__category\"><a href=\"https:\/\/agriveno.com\/ar\/category-portfolio\/isitici-ve-soba-sistemleri\/\" title=\"View all posts in ISITICI VE SOBA S\u0130STEMLER\u0130\">ISITICI VE SOBA S\u0130STEMLER\u0130<\/a><\/div>\r\n            <span class=\"portfolio-one__arrow\"><i class=\"fa-solid fa-arrow-right\"><\/i><\/span>\r\n         <\/div>    \r\n      <\/div>  \r\n   <\/div>\r\n   \r\n<\/div>\r\n<div class=\"all sera-iklimlendirme-ve-sogutma  item-columns isotope-item\">\r\n   <div class=\"portfolio-one__single\">      \r\n      <div class=\"portfolio-one__image\">\r\n         <a class=\"portfolio-one__link\" href=\"https:\/\/agriveno.com\/ar\/case\/kumes-sogutma-cerceve-sistemleri\/\">\r\n            <img loading=\"lazy\" decoding=\"async\" width=\"500\" height=\"360\" src=\"https:\/\/agriveno.com\/wp-content\/uploads\/2024\/04\/3-500x360.png\" class=\"attachment-post-thumbnail size-post-thumbnail wp-post-image\" alt=\"\" \/>         <\/a>\r\n      <\/div>\r\n      <div class=\"portfolio-one__content\">\r\n         <div class=\"portfolio-one__content-inner\">\r\n            <h3 class=\"portfolio-one__title\">\r\n               <a href=\"https:\/\/agriveno.com\/ar\/case\/kumes-sogutma-cerceve-sistemleri\/\">K\u00fcmes So\u011futma \u00c7er\u00e7eve Sistemleri<\/a>\r\n            <\/h3>\r\n            <div class=\"portfolio-one__category\"><a href=\"https:\/\/agriveno.com\/ar\/category-portfolio\/sera-iklimlendirme-ve-sogutma\/\" title=\"View all posts in SERA \u0130KL\u0130MLEND\u0130RME VE SO\u011eUTMA\">SERA \u0130KL\u0130MLEND\u0130RME VE SO\u011eUTMA<\/a><\/div>\r\n            <span class=\"portfolio-one__arrow\"><i class=\"fa-solid fa-arrow-right\"><\/i><\/span>\r\n         <\/div>    \r\n      <\/div>  \r\n   <\/div>\r\n   \r\n<\/div>\r\n      <\/div>\r\n    <\/div>\r\n      <\/div>\r\n  <\/div>\t\t\t\t<\/div>\n\t\t\t\t<\/div>\n\t\t\t\t\t<\/div>\n\t\t<\/div>\n\t\t\t\t\t<\/div>\n\t\t<\/section>\n\t\t\t\t<\/div>\n\t\t","protected":false},"excerpt":{"rendered":"<p>Yapt\u0131\u011f\u0131m\u0131z \u00c7al\u0131\u015fmalar People Don\u2019t Take, Trips Take People. All Adventure Family Friendly Wildlife Family Appartment Wildlife Minimalist art house Family Friendly Luxury house interior Adventure White luxury villa Wildlife Luxury art house Adventure Luxury interior Adventure<\/p>","protected":false},"author":1,"featured_media":0,"parent":0,"menu_order":0,"comment_status":"closed","ping_status":"closed","template":"","meta":{"footnotes":""},"class_list":["post-33","page","type-page","status-publish","hentry"],"_links":{"self":[{"href":"https:\/\/agriveno.com\/ar\/wp-json\/wp\/v2\/pages\/33","targetHints":{"allow":["GET"]}}],"collection":[{"href":"https:\/\/agriveno.com\/ar\/wp-json\/wp\/v2\/pages"}],"about":[{"href":"https:\/\/agriveno.com\/ar\/wp-json\/wp\/v2\/types\/page"}],"author":[{"embeddable":true,"href":"https:\/\/agriveno.com\/ar\/wp-json\/wp\/v2\/users\/1"}],"replies":[{"embeddable":true,"href":"https:\/\/agriveno.com\/ar\/wp-json\/wp\/v2\/comments?post=33"}],"version-history":[{"count":0,"href":"https:\/\/agriveno.com\/ar\/wp-json\/wp\/v2\/pages\/33\/revisions"}],"wp:attachment":[{"href":"https:\/\/agriveno.com\/ar\/wp-json\/wp\/v2\/media?parent=33"}],"curies":[{"name":"wp","href":"https:\/\/api.w.org\/{rel}","templated":true}]}}