{"id":30,"date":"2022-12-19T02:30:45","date_gmt":"2022-12-19T02:30:45","guid":{"rendered":"https:\/\/gaviaspreview.com\/wp\/gowilds\/?page_id=30"},"modified":"2024-10-31T21:09:29","modified_gmt":"2024-10-31T18:09:29","slug":"iletisim","status":"publish","type":"page","link":"https:\/\/agriveno.com\/es\/iletisim\/","title":{"rendered":"Contacto"},"content":{"rendered":"<div data-elementor-type=\"wp-page\" data-elementor-id=\"30\" class=\"elementor elementor-30\">\n\t\t\t\t\t\t<section class=\"elementor-section elementor-top-section elementor-element elementor-element-f65563a elementor-section-full_width elementor-section-height-default elementor-section-height-default\" data-id=\"f65563a\" data-element_type=\"section\" data-settings=\"{&quot;tmea_shape_divider_top&quot;:&quot;none&quot;,&quot;tmea_shape_divider_bottom&quot;:&quot;none&quot;}\">\n\t\t\t\t\t\t<div class=\"elementor-container elementor-column-gap-default\">\n\t\t\t\t\t<div class=\"elementor-column elementor-col-100 elementor-top-column elementor-element elementor-element-d98a98b\" data-id=\"d98a98b\" data-element_type=\"column\">\n\t\t\t<div class=\"elementor-widget-wrap elementor-element-populated\">\n\t\t\t\t\n\t\t<div class=\"elementor-element elementor-element-c060d28 elementor-widget elementor-widget-gva_post_breadcrumb\" data-id=\"c060d28\" data-element_type=\"widget\" data-widget_type=\"gva_post_breadcrumb.default\">\n\t\t\t\t<div class=\"elementor-widget-container\">\n\t\t\t\t\t<div class=\"gva-element-gva_post_breadcrumb gva-element\">   \r\n<div class=\"post-breadcrumb\">\r\n   <div class=\"custom-breadcrumb\" >\r\n            <div class=\"breadcrumb-main\">\r\n        <div class=\"container\">\r\n          <div class=\"breadcrumb-container-inner align-center\">\r\n            <h2 class=\"heading-title\">Contacto<\/h2><ol class=\"breadcrumb\"><li><a href=\"https:\/\/agriveno.com\/es\">Home<\/a> <\/li> <li class=\"active\">P\u00e1gina<\/li><\/ol>          <\/div>  \r\n        <\/div>   \r\n      <\/div>  \r\n   <\/div>\r\n<\/div>      \r\n\r\n<\/div>\t\t\t\t<\/div>\n\t\t\t\t<\/div>\n\t\t\t\t\t<\/div>\n\t\t<\/div>\n\t\t\t\t\t<\/div>\n\t\t<\/section>\n\t\t\t\t<section class=\"elementor-section elementor-top-section elementor-element elementor-element-39d57c1 elementor-section-boxed elementor-section-height-default elementor-section-height-default\" data-id=\"39d57c1\" data-element_type=\"section\" data-settings=\"{&quot;tmea_shape_divider_top&quot;:&quot;none&quot;,&quot;tmea_shape_divider_bottom&quot;:&quot;none&quot;}\">\n\t\t\t\t\t\t<div class=\"elementor-container elementor-column-gap-default\">\n\t\t\t\t\t<div class=\"elementor-column elementor-col-100 elementor-top-column elementor-element elementor-element-d53e8c2\" data-id=\"d53e8c2\" data-element_type=\"column\">\n\t\t\t<div class=\"elementor-widget-wrap elementor-element-populated\">\n\t\t\t\t\t\t<div class=\"elementor-element elementor-element-f104b21 elementor-widget elementor-widget-gva-heading-block\" data-id=\"f104b21\" data-element_type=\"widget\" data-widget_type=\"gva-heading-block.default\">\n\t\t\t\t<div class=\"elementor-widget-container\">\n\t\t\t\t\t<div class=\"gva-element-gva-heading-block gva-element\">   <div class=\"align-center style-1 widget gsc-heading box-align-left auto-responsive\">\r\n      <div class=\"content-inner\">\r\n         \r\n                  \r\n         <div class=\"sub-title\"><span class=\"tagline\">Bize Ula\u015f\u0131n<\/span><\/div>  \r\n         \r\n                     <h2 class=\"title\">\r\n               <span>Agriveno\n<br>Sistemas de aire acondicionado Agriveno<\/span>\r\n            <\/h2>\r\n                  \r\n         \r\n         \r\n      <\/div>\r\n   <\/div>\r\n<\/div>\t\t\t\t<\/div>\n\t\t\t\t<\/div>\n\t\t\t\t\t<\/div>\n\t\t<\/div>\n\t\t\t\t\t<\/div>\n\t\t<\/section>\n\t\t\t\t<section class=\"elementor-section elementor-top-section elementor-element elementor-element-9149d42 elementor-section-boxed elementor-section-height-default elementor-section-height-default\" data-id=\"9149d42\" data-element_type=\"section\" data-settings=\"{&quot;tmea_shape_divider_top&quot;:&quot;none&quot;,&quot;tmea_shape_divider_bottom&quot;:&quot;none&quot;}\">\n\t\t\t\t\t\t<div class=\"elementor-container elementor-column-gap-default\">\n\t\t\t\t\t<div class=\"elementor-column elementor-col-33 elementor-top-column elementor-element elementor-element-3dc0cd1\" data-id=\"3dc0cd1\" data-element_type=\"column\">\n\t\t\t<div class=\"elementor-widget-wrap elementor-element-populated\">\n\t\t\t\t\t\t<div class=\"elementor-element elementor-element-1fc7ef1 elementor-view-default elementor-position-block-start elementor-mobile-position-block-start elementor-widget elementor-widget-icon-box\" data-id=\"1fc7ef1\" data-element_type=\"widget\" data-widget_type=\"icon-box.default\">\n\t\t\t\t<div class=\"elementor-widget-container\">\n\t\t\t\t\t\t\t<div class=\"elementor-icon-box-wrapper\">\n\n\t\t\t\t\t\t<div class=\"elementor-icon-box-icon\">\n\t\t\t\t<span  class=\"elementor-icon\">\n\t\t\t\t<i aria-hidden=\"true\" class=\"fas fa-location-arrow\"><\/i>\t\t\t\t<\/span>\n\t\t\t<\/div>\n\t\t\t\n\t\t\t\t\t\t<div class=\"elementor-icon-box-content\">\n\n\t\t\t\t\t\t\t\t\t<h3 class=\"elementor-icon-box-title\">\n\t\t\t\t\t\t<span  >\n\t\t\t\t\t\t\tOfis\t\t\t\t\t\t<\/span>\n\t\t\t\t\t<\/h3>\n\t\t\t\t\n\t\t\t\t\t\t\t\t\t<p class=\"elementor-icon-box-description\">\n\t\t\t\t\t\t\u0130stasyon Mah. 1456 Sk. No:4A\/B Gebze\/Kocaeli\t\t\t\t\t<\/p>\n\t\t\t\t\n\t\t\t<\/div>\n\t\t\t\n\t\t<\/div>\n\t\t\t\t\t\t<\/div>\n\t\t\t\t<\/div>\n\t\t\t\t\t<\/div>\n\t\t<\/div>\n\t\t\t\t<div class=\"elementor-column elementor-col-33 elementor-top-column elementor-element elementor-element-dd834f3\" data-id=\"dd834f3\" data-element_type=\"column\">\n\t\t\t<div class=\"elementor-widget-wrap elementor-element-populated\">\n\t\t\t\t\t\t<div class=\"elementor-element elementor-element-8187db5 elementor-view-default elementor-position-block-start elementor-mobile-position-block-start elementor-widget elementor-widget-icon-box\" data-id=\"8187db5\" data-element_type=\"widget\" data-widget_type=\"icon-box.default\">\n\t\t\t\t<div class=\"elementor-widget-container\">\n\t\t\t\t\t\t\t<div class=\"elementor-icon-box-wrapper\">\n\n\t\t\t\t\t\t<div class=\"elementor-icon-box-icon\">\n\t\t\t\t<span  class=\"elementor-icon\">\n\t\t\t\t<i aria-hidden=\"true\" class=\"flaticon-message\"><\/i>\t\t\t\t<\/span>\n\t\t\t<\/div>\n\t\t\t\n\t\t\t\t\t\t<div class=\"elementor-icon-box-content\">\n\n\t\t\t\t\t\t\t\t\t<h3 class=\"elementor-icon-box-title\">\n\t\t\t\t\t\t<span  >\n\t\t\t\t\t\t\tEmail Address\t\t\t\t\t\t<\/span>\n\t\t\t\t\t<\/h3>\n\t\t\t\t\n\t\t\t\t\t\t\t\t\t<p class=\"elementor-icon-box-description\">\n\t\t\t\t\t\tinfo@agriveno.com\t\t\t\t\t<\/p>\n\t\t\t\t\n\t\t\t<\/div>\n\t\t\t\n\t\t<\/div>\n\t\t\t\t\t\t<\/div>\n\t\t\t\t<\/div>\n\t\t\t\t\t<\/div>\n\t\t<\/div>\n\t\t\t\t<div class=\"elementor-column elementor-col-33 elementor-top-column elementor-element elementor-element-1add014\" data-id=\"1add014\" data-element_type=\"column\">\n\t\t\t<div class=\"elementor-widget-wrap elementor-element-populated\">\n\t\t\t\t\t\t<div class=\"elementor-element elementor-element-28a5a1c elementor-view-default elementor-position-block-start elementor-mobile-position-block-start elementor-widget elementor-widget-icon-box\" data-id=\"28a5a1c\" data-element_type=\"widget\" data-widget_type=\"icon-box.default\">\n\t\t\t\t<div class=\"elementor-widget-container\">\n\t\t\t\t\t\t\t<div class=\"elementor-icon-box-wrapper\">\n\n\t\t\t\t\t\t<div class=\"elementor-icon-box-icon\">\n\t\t\t\t<a href=\"tel:+902626462018\" class=\"elementor-icon\" tabindex=\"-1\" aria-label=\"Contacto\">\n\t\t\t\t<svg xmlns=\"http:\/\/www.w3.org\/2000\/svg\" width=\"91\" height=\"92\" viewbox=\"0 0 91 92\" fill=\"none\"><path d=\"M53.125 31.9375H59.375V22.5625L53.125 31.9375Z\" fill=\"#A0CD8E\"><\/path><path d=\"M62.4994 0.687515C57.4573 0.683701 52.507 2.03646 48.1676 4.60397C43.8282 7.17147 40.2594 10.8592 37.8355 15.2804C35.4116 19.7016 34.2218 24.6935 34.3908 29.7328C34.5598 34.7721 36.0815 39.673 38.7963 43.9219L35.9369 55.375L47.39 52.5156C51.0716 54.867 55.2504 56.3284 59.595 56.7841C63.9396 57.2397 68.3306 56.6771 72.42 55.1408C76.5093 53.6044 80.1846 51.1366 83.1544 47.933C86.1242 44.7293 88.307 40.8779 89.5296 36.6841C90.7522 32.4902 90.9811 28.0692 90.1981 23.7715C89.4152 19.4738 87.6418 15.4176 85.0188 11.9244C82.3957 8.43117 78.9949 5.597 75.0861 3.64655C71.1773 1.69609 66.8678 0.682978 62.4994 0.687515Z\" fill=\"#FFCD00\"><\/path><path d=\"M62.4992 0.687592C61.9711 0.687592 61.457 0.737592 60.9367 0.767279C68.1331 1.15876 74.9037 4.30155 79.8477 9.54545C84.7917 14.7893 87.5307 21.7331 87.4982 28.94C87.4657 36.147 84.6641 43.0657 79.673 48.2648C74.6819 53.4639 67.8832 56.5454 60.6836 56.872C61.2836 56.9095 61.8883 56.9376 62.4992 56.9376C69.9584 56.9376 77.1121 53.9744 82.3866 48.7C87.6611 43.4255 90.6242 36.2718 90.6242 28.8126C90.6242 21.3534 87.6611 14.1997 82.3866 8.92521C77.1121 3.65075 69.9584 0.687592 62.4992 0.687592Z\" fill=\"#EBBF00\"><\/path><path d=\"M25.8754 52.1407C26.5234 51.7263 26.9972 51.0891 27.2074 50.3492C27.4176 49.6093 27.3495 48.8181 27.016 48.125L17.4379 28.4063C17.2553 28.0311 16.9995 27.6963 16.6855 27.4215C16.3715 27.1468 16.0056 26.9378 15.6095 26.8067C15.2134 26.6756 14.7951 26.6252 14.3791 26.6584C13.9632 26.6916 13.5582 26.8078 13.1879 27C12.3566 27.4141 11.4129 27.9375 10.4238 28.5344L22.8629 54.0375L25.8754 52.1407Z\" fill=\"#579C3A\"><\/path><path d=\"M34.6562 72.6094C34.2451 73.2653 33.6061 73.7461 32.862 73.9595C32.118 74.1729 31.3213 74.1039 30.625 73.7656C27.8124 72.3533 25.2181 70.543 22.9219 68.3906C20.7695 66.0945 18.9592 63.5001 17.5469 60.6875C17.2086 59.9912 17.1396 59.1945 17.353 58.4505C17.5664 57.7064 18.0473 57.0674 18.7031 56.6563L22.8625 54.0375L10.4234 28.5344C5.73906 31.3797 0 36.1563 0 41.3125V42.875C0.226314 55.6507 5.40219 67.8399 14.4374 76.8751C23.4726 85.9103 35.6618 91.0862 48.4375 91.3125H50C55.1562 91.3125 59.9328 85.5734 62.7781 80.8891L37.2984 68.4125L34.6562 72.6094Z\" fill=\"#63AB45\"><\/path><path d=\"M37.2984 68.4125L36.5625 69.5828L58.0781 80.1172C58.2796 80.2151 58.4576 80.3552 58.6002 80.5279C58.7428 80.7006 58.8465 80.902 58.9045 81.1184C58.9624 81.3347 58.9732 81.561 58.936 81.7818C58.8988 82.0027 58.8146 82.213 58.6891 82.3985C55.8906 86.5766 51.7687 90.9922 47.3234 91.2813C47.6953 91.2922 48.0656 91.3125 48.4375 91.3125H50C55.1562 91.3125 59.9328 85.5735 62.7781 80.8891L37.2984 68.4125Z\" fill=\"#4B7738\"><\/path><path d=\"M19.1227 52.7781C19.2912 53.1243 19.3261 53.5204 19.2206 53.8907C19.115 54.2609 18.8765 54.5792 18.5508 54.7844L15.582 56.6594C14.9262 57.0705 14.4454 57.7095 14.2319 58.4536C14.0185 59.1977 14.0876 59.9944 14.4258 60.6906C15.8381 63.5032 17.6484 66.0976 19.8008 68.3938C22.097 70.5462 24.6913 72.3564 27.5039 73.7688C27.9631 73.9916 28.47 74.0982 28.9801 74.0792C29.4901 74.0601 29.9877 73.9159 30.4289 73.6594C27.6947 72.264 25.17 70.4915 22.9289 68.3938C20.7765 66.0976 18.9662 63.5032 17.5539 60.6906C17.2157 59.9944 17.1466 59.1977 17.3601 58.4536C17.5735 57.7095 18.0543 57.0705 18.7102 56.6594L22.8695 54.0406L10.4242 28.5344C9.65391 29.0031 8.86172 29.5266 8.05859 30.0969L19.1227 52.7781Z\" fill=\"#4B7738\"><\/path><path d=\"M62.9062 73.875L43.1875 64.2969C42.4944 63.9635 41.7032 63.8954 40.9633 64.1055C40.2235 64.3157 39.5862 64.7895 39.1719 65.4375L37.2969 68.4063L62.7766 80.8829C63.3766 79.8938 63.8969 78.9485 64.3109 78.1188C64.5023 77.7489 64.6177 77.3445 64.6505 76.9293C64.6833 76.5141 64.6328 76.0966 64.5019 75.7012C64.371 75.3059 64.1625 74.9406 63.8884 74.627C63.6144 74.3134 63.2805 74.0578 62.9062 73.875Z\" fill=\"#579C3A\"><\/path><path d=\"M49.6875 29.4375C50.3267 28.9581 50.8328 28.3232 51.1576 27.5932C51.4825 26.8632 51.6153 26.0623 51.5436 25.2665C51.4718 24.4707 51.1978 23.7065 50.7476 23.0464C50.2974 22.3863 49.686 21.8522 48.9713 21.4949C48.2567 21.1375 47.4625 20.9688 46.6643 21.0047C45.8661 21.0407 45.0903 21.28 44.4106 21.7001C43.731 22.1201 43.1699 22.707 42.7808 23.4049C42.3917 24.1027 42.1875 24.8885 42.1875 25.6875C42.1875 26.1019 42.3521 26.4993 42.6451 26.7924C42.9382 27.0854 43.3356 27.25 43.75 27.25C44.1644 27.25 44.5618 27.0854 44.8549 26.7924C45.1479 26.4993 45.3125 26.1019 45.3125 25.6875C45.3125 25.4212 45.3806 25.1592 45.5103 24.9266C45.64 24.694 45.827 24.4984 46.0535 24.3584C46.2801 24.2183 46.5387 24.1386 46.8048 24.1266C47.0708 24.1146 47.3355 24.1708 47.5738 24.29C47.812 24.4091 48.0158 24.5871 48.1659 24.8071C48.3159 25.0272 48.4073 25.2819 48.4312 25.5472C48.4551 25.8124 48.4108 26.0794 48.3025 26.3227C48.1943 26.5661 48.0256 26.7777 47.8125 26.9375L44.0625 29.75C43.4818 30.188 43.0103 30.7544 42.685 31.405C42.3597 32.0556 42.1894 32.7726 42.1875 33.5V35.0625C42.1875 35.4769 42.3521 35.8743 42.6451 36.1674C42.9382 36.4604 43.3356 36.625 43.75 36.625H50C50.4144 36.625 50.8118 36.4604 51.1049 36.1674C51.3979 35.8743 51.5625 35.4769 51.5625 35.0625C51.5625 34.6481 51.3979 34.2507 51.1049 33.9576C50.8118 33.6646 50.4144 33.5 50 33.5H45.3125C45.3125 33.2574 45.369 33.0182 45.4775 32.8012C45.5859 32.5843 45.7434 32.3955 45.9375 32.25L49.6875 29.4375Z\" fill=\"#D80027\"><\/path><path d=\"M82.5344 21.6719C82.3905 21.4645 82.1985 21.295 81.9748 21.178C81.7511 21.061 81.5024 20.9999 81.25 21H75C74.5856 21 74.1882 21.1646 73.8951 21.4576C73.6021 21.7507 73.4375 22.1481 73.4375 22.5625C73.4375 22.9769 73.6021 23.3743 73.8951 23.6674C74.1882 23.9604 74.5856 24.125 75 24.125H78.9953L75.0984 34.5141C75.0263 34.7062 74.9926 34.9107 74.9995 35.1159C75.0064 35.321 75.0536 35.5228 75.1385 35.7097C75.2234 35.8966 75.3443 36.0649 75.4942 36.2051C75.6442 36.3452 75.8203 36.4545 76.0125 36.5266C76.1888 36.5909 76.3749 36.6243 76.5625 36.625C76.8808 36.6252 77.1915 36.5282 77.4532 36.347C77.7148 36.1658 77.9149 35.909 78.0266 35.6109L82.7141 23.1109C82.8027 22.8744 82.8326 22.6199 82.8013 22.3693C82.77 22.1187 82.6784 21.8794 82.5344 21.6719Z\" fill=\"#D80027\"><\/path><path d=\"M72.3036 16.3734C71.9054 16.2597 71.4783 16.3087 71.1161 16.5096C70.754 16.7106 70.4865 17.0472 70.3724 17.4453L64.1224 39.3203C64.0661 39.5177 64.0493 39.7243 64.0728 39.9282C64.0964 40.1321 64.1599 40.3293 64.2598 40.5087C64.3596 40.688 64.4938 40.8459 64.6547 40.9734C64.8155 41.1009 65 41.1954 65.1974 41.2516C65.3364 41.2924 65.4806 41.3129 65.6255 41.3125C65.9649 41.3124 66.2949 41.2017 66.5658 40.9973C66.8367 40.793 67.0337 40.506 67.1271 40.1797L73.3771 18.3047C73.4908 17.9062 73.4416 17.4789 73.2403 17.1168C73.039 16.7546 72.7021 16.4872 72.3036 16.3734Z\" fill=\"#D80027\"><\/path><path d=\"M62.5002 30.375H60.9377V22.5625C60.9378 22.2271 60.83 21.9007 60.6302 21.6313C60.4304 21.3619 60.1492 21.164 59.8283 21.0668C59.5073 20.9695 59.1636 20.9782 58.8479 21.0914C58.5322 21.2045 58.2613 21.4163 58.0752 21.6953L51.8252 31.0703C51.6682 31.3056 51.5781 31.5792 51.5643 31.8617C51.5506 32.1443 51.6139 32.4252 51.7473 32.6746C51.8808 32.9241 52.0794 33.1326 52.3221 33.2779C52.5648 33.4233 52.8424 33.5001 53.1252 33.5H57.8127V35.0625C57.8127 35.4769 57.9774 35.8743 58.2704 36.1674C58.5634 36.4604 58.9608 36.625 59.3752 36.625C59.7896 36.625 60.1871 36.4604 60.4801 36.1674C60.7731 35.8743 60.9377 35.4769 60.9377 35.0625V33.5H62.5002C62.9146 33.5 63.3121 33.3354 63.6051 33.0424C63.8981 32.7493 64.0627 32.3519 64.0627 31.9375C64.0627 31.5231 63.8981 31.1257 63.6051 30.8327C63.3121 30.5396 62.9146 30.375 62.5002 30.375ZM57.8127 30.375H56.044L57.8127 27.7188V30.375Z\" fill=\"#D80027\"><\/path><\/svg>\t\t\t\t<\/a>\n\t\t\t<\/div>\n\t\t\t\n\t\t\t\t\t\t<div class=\"elementor-icon-box-content\">\n\n\t\t\t\t\t\t\t\t\t<h3 class=\"elementor-icon-box-title\">\n\t\t\t\t\t\t<a href=\"tel:+902626462018\" >\n\t\t\t\t\t\t\tContacto\t\t\t\t\t\t<\/a>\n\t\t\t\t\t<\/h3>\n\t\t\t\t\n\t\t\t\t\t\t\t\t\t<p class=\"elementor-icon-box-description\">\n\t\t\t\t\t\t+90 262 646 20 18\t\t\t\t\t<\/p>\n\t\t\t\t\n\t\t\t<\/div>\n\t\t\t\n\t\t<\/div>\n\t\t\t\t\t\t<\/div>\n\t\t\t\t<\/div>\n\t\t\t\t\t<\/div>\n\t\t<\/div>\n\t\t\t\t\t<\/div>\n\t\t<\/section>\n\t\t\t\t<section class=\"elementor-section elementor-top-section elementor-element elementor-element-ce6dba8 elementor-section-boxed elementor-section-height-default elementor-section-height-default\" data-id=\"ce6dba8\" data-element_type=\"section\" data-settings=\"{&quot;tmea_shape_divider_top&quot;:&quot;none&quot;,&quot;tmea_shape_divider_bottom&quot;:&quot;none&quot;}\">\n\t\t\t\t\t\t<div class=\"elementor-container elementor-column-gap-default\">\n\t\t\t\t\t<div class=\"elementor-column elementor-col-50 elementor-top-column elementor-element elementor-element-f62713a\" data-id=\"f62713a\" data-element_type=\"column\">\n\t\t\t<div class=\"elementor-widget-wrap elementor-element-populated\">\n\t\t\t\t\t\t<div class=\"elementor-element elementor-element-d8d863d elementor-widget elementor-widget-gva-heading-block\" data-id=\"d8d863d\" data-element_type=\"widget\" data-widget_type=\"gva-heading-block.default\">\n\t\t\t\t<div class=\"elementor-widget-container\">\n\t\t\t\t\t<div class=\"gva-element-gva-heading-block gva-element\">   <div class=\"align-left style-4 widget gsc-heading box-align-center auto-responsive\">\r\n      <div class=\"content-inner\">\r\n         \r\n                  \r\n         <div class=\"sub-title\"><span class=\"tagline\">Bize Yaz\u0131n<\/span><\/div>  \r\n         \r\n                  \r\n                     <div class=\"title-desc\">\u00dcr\u00fcnlerimiz hakk\u0131nda daha detayl\u0131 bilgi almak i\u00e7in l\u00fctfen Bizi Aray\u0131n\u0131z veya bu formu doldurarak bize mesaj g\u00f6nderiniz. En k\u0131sa zamanda size ula\u015faca\u011f\u0131z.<\/div>\r\n         \r\n         \r\n      <\/div>\r\n   <\/div>\r\n<\/div>\t\t\t\t<\/div>\n\t\t\t\t<\/div>\n\t\t\t\t\t<\/div>\n\t\t<\/div>\n\t\t\t\t<div class=\"elementor-column elementor-col-50 elementor-top-column elementor-element elementor-element-3b6d25a\" data-id=\"3b6d25a\" data-element_type=\"column\">\n\t\t\t<div class=\"elementor-widget-wrap elementor-element-populated\">\n\t\t\t\t\t\t<div class=\"elementor-element elementor-element-7046b2e elementor-widget elementor-widget-shortcode\" data-id=\"7046b2e\" data-element_type=\"widget\" data-widget_type=\"shortcode.default\">\n\t\t\t\t<div class=\"elementor-widget-container\">\n\t\t\t\t\t\t\t<div class=\"elementor-shortcode\">\n<div class=\"wpcf7 no-js\" id=\"wpcf7-f5-o1\" lang=\"en-US\" dir=\"ltr\" data-wpcf7-id=\"5\">\n<div class=\"screen-reader-response\"><p role=\"status\" aria-live=\"polite\" aria-atomic=\"true\"><\/p> <ul><\/ul><\/div>\n<form action=\"\/es\/wp-json\/wp\/v2\/pages\/30#wpcf7-f5-o1\" method=\"post\" class=\"wpcf7-form init\" aria-label=\"Contact form\" novalidate=\"novalidate\" data-status=\"init\" data-trp-original-action=\"\/es\/wp-json\/wp\/v2\/pages\/30#wpcf7-f5-o1\">\n<fieldset class=\"hidden-fields-container\"><input type=\"hidden\" name=\"_wpcf7\" value=\"5\" \/><input type=\"hidden\" name=\"_wpcf7_version\" value=\"6.1.4\" \/><input type=\"hidden\" name=\"_wpcf7_locale\" value=\"en_US\" \/><input type=\"hidden\" name=\"_wpcf7_unit_tag\" value=\"wpcf7-f5-o1\" \/><input type=\"hidden\" name=\"_wpcf7_container_post\" value=\"0\" \/><input type=\"hidden\" name=\"_wpcf7_posted_data_hash\" value=\"\" \/>\n<\/fieldset>\n<div class=\"row\">\n   <div class=\"col-sm-6 col-xs-12\">\n     <span class=\"wpcf7-form-control-wrap\" data-name=\"your-name\"><input size=\"40\" maxlength=\"400\" class=\"wpcf7-form-control wpcf7-text wpcf7-validates-as-required\" aria-required=\"true\" aria-invalid=\"false\" placeholder=\"Ad\u0131n\u0131z ve Soyad\u0131n\u0131z\" value=\"\" type=\"text\" name=\"your-name\" \/><\/span>\n   <\/div>\n   <div class=\"col-sm-6 col-xs-12\">\n     <span class=\"wpcf7-form-control-wrap\" data-name=\"Mail\"><input size=\"40\" maxlength=\"400\" class=\"wpcf7-form-control wpcf7-email wpcf7-validates-as-required wpcf7-text wpcf7-validates-as-email\" aria-required=\"true\" aria-invalid=\"false\" placeholder=\"Mail Adresiniz\" value=\"\" type=\"email\" name=\"Mail\" \/><\/span>\n   <\/div>\n<\/div>\n<div class=\"row\">\n   <div class=\"col-sm-6 col-xs-12\">\n      <span class=\"wpcf7-form-control-wrap\" data-name=\"Tel\"><input size=\"40\" maxlength=\"400\" class=\"wpcf7-form-control wpcf7-tel wpcf7-validates-as-required wpcf7-text wpcf7-validates-as-tel\" aria-required=\"true\" aria-invalid=\"false\" placeholder=\"Telefon Numaran\u0131z\" value=\"\" type=\"tel\" name=\"Tel\" \/><\/span>\n   <\/div>\n   <div class=\"col-sm-6 col-xs-12\">\n      <span class=\"wpcf7-form-control-wrap\" data-name=\"your-subject\"><input size=\"40\" maxlength=\"400\" class=\"wpcf7-form-control wpcf7-text\" aria-invalid=\"false\" placeholder=\"Konu\" value=\"\" type=\"text\" name=\"your-subject\" \/><\/span>\n   <\/div>\n<\/div>\n<div class=\"row\">\n   <div class=\"col-sm-12 col-xs-12\">\n      <span class=\"wpcf7-form-control-wrap\" data-name=\"your-message\"><textarea cols=\"40\" rows=\"10\" maxlength=\"2000\" class=\"wpcf7-form-control wpcf7-textarea\" aria-invalid=\"false\" placeholder=\"Mesaj\u0131n\u0131z\" name=\"your-message\"><\/textarea><\/span>\n   <\/div>\n   <div class=\"col-sm-12 col-xs-12 action text-left\"><span class=\"form-action\"><input class=\"wpcf7-form-control wpcf7-submit has-spinner\" type=\"submit\" value=\"Mesaj\u0131 G\u00f6nder\" \/><\/span><\/div>\n<\/div><p style=\"display: none !important;\" class=\"akismet-fields-container\" data-prefix=\"_wpcf7_ak_\"><label>&#916;<textarea name=\"_wpcf7_ak_hp_textarea\" cols=\"45\" rows=\"8\" maxlength=\"100\"><\/textarea><\/label><input type=\"hidden\" id=\"ak_js_1\" name=\"_wpcf7_ak_js\" value=\"204\"\/><script>document.getElementById( \"ak_js_1\" ).setAttribute( \"value\", ( new Date() ).getTime() );<\/script><\/p><div class=\"wpcf7-response-output\" aria-hidden=\"true\"><\/div>\n<input type=\"hidden\" name=\"trp-form-language\" value=\"es\"\/><\/form>\n<\/div>\n<\/div>\n\t\t\t\t\t\t<\/div>\n\t\t\t\t<\/div>\n\t\t\t\t\t<\/div>\n\t\t<\/div>\n\t\t\t\t\t<\/div>\n\t\t<\/section>\n\t\t\t\t<section class=\"elementor-section elementor-top-section elementor-element elementor-element-e408315 elementor-section-full_width elementor-section-height-default elementor-section-height-default\" data-id=\"e408315\" data-element_type=\"section\" data-settings=\"{&quot;tmea_shape_divider_top&quot;:&quot;none&quot;,&quot;tmea_shape_divider_bottom&quot;:&quot;none&quot;}\">\n\t\t\t\t\t\t<div class=\"elementor-container elementor-column-gap-default\">\n\t\t\t\t\t<div class=\"elementor-column elementor-col-100 elementor-top-column elementor-element elementor-element-3e5a49d\" data-id=\"3e5a49d\" data-element_type=\"column\">\n\t\t\t<div class=\"elementor-widget-wrap elementor-element-populated\">\n\t\t\t\t\t\t<div class=\"elementor-element elementor-element-92dc87a elementor-widget elementor-widget-shortcode\" data-id=\"92dc87a\" data-element_type=\"widget\" data-widget_type=\"shortcode.default\">\n\t\t\t\t<div class=\"elementor-widget-container\">\n\t\t\t\t\t\t\t<div class=\"elementor-shortcode\"><iframe src=\"https:\/\/www.google.com\/maps\/embed?pb=!1m18!1m12!1m3!1d3020.782509149799!2d29.40908884066015!3d40.788795352340905!2m3!1f0!2f0!3f0!3m2!1i1024!2i768!4f13.1!3m3!1m2!1s0x14cadfe476a9f9df%3A0xfdafb3d968ce8738!2sAgriveno%20K%C3%BCmes%20Ekipmanlar%C4%B1!5e0!3m2!1str!2str!4v1715249190877!5m2!1str!2str\" width=\"600\" height=\"450\" style=\"border:0;\" allowfullscreen=\"\" loading=\"lazy\" referrerpolicy=\"no-referrer-when-downgrade\"><\/iframe><\/div>\n\t\t\t\t\t\t<\/div>\n\t\t\t\t<\/div>\n\t\t\t\t\t<\/div>\n\t\t<\/div>\n\t\t\t\t\t<\/div>\n\t\t<\/section>\n\t\t\t\t<\/div>","protected":false},"excerpt":{"rendered":"<p>\u0130leti\u015fim Home Sayfa Bize Ula\u015f\u0131n Agriveno \u0130klimlendirme Sistemleri Ofis \u0130stasyon Mah. 1456 Sk. No:4A\/B Gebze\/Kocaeli Email Address info@agriveno.com \u0130leti\u015fim +90 262 646 20 18 Bize Yaz\u0131n \u00dcr\u00fcnlerimiz hakk\u0131nda daha detayl\u0131 bilgi almak i\u00e7in l\u00fctfen Bizi Aray\u0131n\u0131z veya bu formu doldurarak bize mesaj g\u00f6nderiniz. En k\u0131sa zamanda size ula\u015faca\u011f\u0131z.<\/p>","protected":false},"author":1,"featured_media":0,"parent":0,"menu_order":0,"comment_status":"closed","ping_status":"closed","template":"","meta":{"footnotes":""},"class_list":["post-30","page","type-page","status-publish","hentry"],"_links":{"self":[{"href":"https:\/\/agriveno.com\/es\/wp-json\/wp\/v2\/pages\/30","targetHints":{"allow":["GET"]}}],"collection":[{"href":"https:\/\/agriveno.com\/es\/wp-json\/wp\/v2\/pages"}],"about":[{"href":"https:\/\/agriveno.com\/es\/wp-json\/wp\/v2\/types\/page"}],"author":[{"embeddable":true,"href":"https:\/\/agriveno.com\/es\/wp-json\/wp\/v2\/users\/1"}],"replies":[{"embeddable":true,"href":"https:\/\/agriveno.com\/es\/wp-json\/wp\/v2\/comments?post=30"}],"version-history":[{"count":6,"href":"https:\/\/agriveno.com\/es\/wp-json\/wp\/v2\/pages\/30\/revisions"}],"predecessor-version":[{"id":2869,"href":"https:\/\/agriveno.com\/es\/wp-json\/wp\/v2\/pages\/30\/revisions\/2869"}],"wp:attachment":[{"href":"https:\/\/agriveno.com\/es\/wp-json\/wp\/v2\/media?parent=30"}],"curies":[{"name":"wp","href":"https:\/\/api.w.org\/{rel}","templated":true}]}}